{"id":81,"date":"2015-02-19T18:07:14","date_gmt":"2015-02-19T21:07:14","guid":{"rendered":"http:\/\/www.joaojunqueira.com.br\/blog\/\/?page_id=81"},"modified":"2024-04-21T21:18:47","modified_gmt":"2024-04-22T00:18:47","slug":"sobre","status":"publish","type":"page","link":"https:\/\/joaojunqueira.com.br\/blog\/sobre\/","title":{"rendered":"Sobre o Cozinha do Jo\u00e3o"},"content":{"rendered":"<p>Jo\u00e3o Junqueira, apaixonado por fotografia, boa comida e bons drinks, comanda os fog\u00f5es sempre que poss\u00edvel. Nas horas vagas, alterna entre um belo negroni e um dry martini.<\/p>\n<p>O Cozinha do Jo\u00e3o \u00e9 justamente a jun\u00e7\u00e3o dessas suas paix\u00f5es \u2014 fotografia e gastronomia. Com muita irrever\u00eancia, apresenta receitas f\u00e1ceis de serem executadas, mas que n\u00e3o deixam de apresentar muito sabor. Voc\u00ea que \u00e9 apaixonado por culin\u00e1ria vai amar!<\/p>\n<p>No Cozinha, tamb\u00e9m h\u00e1 espa\u00e7o para resenhas de restaurantes ao redor do mundo e muitas dicas de viagem, afinal, de vez em quando, todo chef tem que descansar.<\/p>\n<p><a href=\"http:\/\/instagram.com\/joaojunqueira\/\" target=\"_blank\" rel=\"noopener\">Siga o Cozinha do Jo\u00e3o no Instagram<\/a>.<\/p>\n<p>Curta a p\u00e1gina do Cozinha do Jo\u00e3o no <a href=\"http:\/\/www.facebook.com\/cozinhadojoao\" target=\"_blank\" rel=\"noopener\">Facebook<\/a>\u00a0e no <a href=\"http:\/\/www.pinterest.com\/joaojunqueira\/\" target=\"_blank\" rel=\"noopener\">Pinterest<\/a>.<\/p>\n","protected":false},"excerpt":{"rendered":"<p>Jo\u00e3o Junqueira, apaixonado por fotografia, boa comida e bons drinks, comanda os fog\u00f5es sempre que poss\u00edvel. Nas horas vagas, alterna entre um belo negroni e um dry martini. O Cozinha do Jo\u00e3o \u00e9 justamente a jun\u00e7\u00e3o dessas suas paix\u00f5es \u2014 fotografia e gastronomia. Com muita irrever\u00eancia, apresenta receitas f\u00e1ceis de serem executadas, mas que n\u00e3o&#8230;<\/p>\n<p><a class=\"more-link\" href=\"https:\/\/joaojunqueira.com.br\/blog\/sobre\/\">Read More<\/a><\/p>\n","protected":false},"author":1,"featured_media":4882,"parent":0,"menu_order":0,"comment_status":"closed","ping_status":"closed","template":"","meta":{"_genesis_hide_title":false,"_genesis_hide_breadcrumbs":false,"_genesis_hide_singular_image":false,"_genesis_hide_footer_widgets":false,"_genesis_custom_body_class":"","_genesis_custom_post_class":"","_genesis_layout":"full-width-content","footnotes":""},"class_list":{"0":"post-81","1":"page","2":"type-page","3":"status-publish","4":"has-post-thumbnail","6":"entry"},"yoast_head":"<!-- This site is optimized with the Yoast SEO plugin v24.8.1 - https:\/\/yoast.com\/wordpress\/plugins\/seo\/ -->\n<title>Sobre o Cozinha do Jo\u00e3o | Cozinha do Jo\u00e3o<\/title>\n<meta name=\"description\" content=\"Sobre o Cozinha do Jo\u00e3o. Jo\u00e3o Junqueira, apaixonado por fotografia, boa comida e bons drinks, comanda os fog\u00f5es sempre que poss\u00edvel. Nas horas vagas, alterna entre um belo negroni e um dry martini.\" \/>\n<meta name=\"robots\" content=\"index, follow, max-snippet:-1, max-image-preview:large, max-video-preview:-1\" \/>\n<link rel=\"canonical\" href=\"https:\/\/joaojunqueira.com.br\/blog\/sobre\/\" \/>\n<meta property=\"og:locale\" content=\"pt_BR\" \/>\n<meta property=\"og:type\" content=\"article\" \/>\n<meta property=\"og:title\" content=\"Sobre o Cozinha do Jo\u00e3o | Cozinha do Jo\u00e3o\" \/>\n<meta property=\"og:description\" content=\"Sobre o Cozinha do Jo\u00e3o. Jo\u00e3o Junqueira, apaixonado por fotografia, boa comida e bons drinks, comanda os fog\u00f5es sempre que poss\u00edvel. Nas horas vagas, alterna entre um belo negroni e um dry martini.\" \/>\n<meta property=\"og:url\" content=\"https:\/\/joaojunqueira.com.br\/blog\/sobre\/\" \/>\n<meta property=\"og:site_name\" content=\"Cozinha do Jo\u00e3o\" \/>\n<meta property=\"article:publisher\" content=\"https:\/\/www.facebook.com\/cozinhadojoao\" \/>\n<meta property=\"article:modified_time\" content=\"2024-04-22T00:18:47+00:00\" \/>\n<meta property=\"og:image\" content=\"https:\/\/joaojunqueira.com.br\/blog\/wp-content\/uploads\/2023\/09\/1508_ME_001_sq_bx.jpg\" \/>\n\t<meta property=\"og:image:width\" content=\"750\" \/>\n\t<meta property=\"og:image:height\" content=\"750\" \/>\n\t<meta property=\"og:image:type\" content=\"image\/jpeg\" \/>\n<meta name=\"twitter:card\" content=\"summary_large_image\" \/>\n<meta name=\"twitter:label1\" content=\"Est. tempo de leitura\" \/>\n\t<meta name=\"twitter:data1\" content=\"1 minuto\" \/>\n<script type=\"application\/ld+json\" class=\"yoast-schema-graph\">{\"@context\":\"https:\/\/schema.org\",\"@graph\":[{\"@type\":\"WebPage\",\"@id\":\"https:\/\/joaojunqueira.com.br\/blog\/sobre\/\",\"url\":\"https:\/\/joaojunqueira.com.br\/blog\/sobre\/\",\"name\":\"Sobre o Cozinha do Jo\u00e3o | Cozinha do Jo\u00e3o\",\"isPartOf\":{\"@id\":\"https:\/\/joaojunqueira.com.br\/blog\/#website\"},\"primaryImageOfPage\":{\"@id\":\"https:\/\/joaojunqueira.com.br\/blog\/sobre\/#primaryimage\"},\"image\":{\"@id\":\"https:\/\/joaojunqueira.com.br\/blog\/sobre\/#primaryimage\"},\"thumbnailUrl\":\"https:\/\/joaojunqueira.com.br\/blog\/wp-content\/uploads\/2023\/09\/1508_ME_001_sq_bx.jpg\",\"datePublished\":\"2015-02-19T21:07:14+00:00\",\"dateModified\":\"2024-04-22T00:18:47+00:00\",\"description\":\"Sobre o Cozinha do Jo\u00e3o. Jo\u00e3o Junqueira, apaixonado por fotografia, boa comida e bons drinks, comanda os fog\u00f5es sempre que poss\u00edvel. Nas horas vagas, alterna entre um belo negroni e um dry martini.\",\"breadcrumb\":{\"@id\":\"https:\/\/joaojunqueira.com.br\/blog\/sobre\/#breadcrumb\"},\"inLanguage\":\"pt-BR\",\"potentialAction\":[{\"@type\":\"ReadAction\",\"target\":[\"https:\/\/joaojunqueira.com.br\/blog\/sobre\/\"]}]},{\"@type\":\"ImageObject\",\"inLanguage\":\"pt-BR\",\"@id\":\"https:\/\/joaojunqueira.com.br\/blog\/sobre\/#primaryimage\",\"url\":\"https:\/\/joaojunqueira.com.br\/blog\/wp-content\/uploads\/2023\/09\/1508_ME_001_sq_bx.jpg\",\"contentUrl\":\"https:\/\/joaojunqueira.com.br\/blog\/wp-content\/uploads\/2023\/09\/1508_ME_001_sq_bx.jpg\",\"width\":750,\"height\":750,\"caption\":\"Jo\u00e3o Junqueira, apaixonado por fotografia, boa comida e bons drinks, comanda os fog\u00f5es sempre que poss\u00edvel. Nas horas vagas, alterna entre um belo negroni e um dry martini. O Cozinha do Jo\u00e3o \u00e9 justamente a jun\u00e7\u00e3o dessas suas paix\u00f5es \u2014 fotografia e gastronomia. Com muita irrever\u00eancia, apresenta receitas f\u00e1ceis de serem executadas, mas que n\u00e3o deixam de apresentar muito sabor. Voc\u00ea que \u00e9 apaixonado por culin\u00e1ria vai amar! No Cozinha, tamb\u00e9m h\u00e1 espa\u00e7o para resenhas de restaurantes ao redor do mundo e muitas dicas de viagem, afinal, de vez em quando, todo chef tem que descansar.\"},{\"@type\":\"BreadcrumbList\",\"@id\":\"https:\/\/joaojunqueira.com.br\/blog\/sobre\/#breadcrumb\",\"itemListElement\":[{\"@type\":\"ListItem\",\"position\":1,\"name\":\"In\u00edcio\",\"item\":\"https:\/\/joaojunqueira.com.br\/blog\/\"},{\"@type\":\"ListItem\",\"position\":2,\"name\":\"Sobre o Cozinha do Jo\u00e3o\"}]},{\"@type\":\"WebSite\",\"@id\":\"https:\/\/joaojunqueira.com.br\/blog\/#website\",\"url\":\"https:\/\/joaojunqueira.com.br\/blog\/\",\"name\":\"Cozinha do Jo\u00e3o\",\"description\":\"Cozinha do Jo\u00e3o: Receitas, Drinks e Viagens. Eat, Drink, Go!\",\"publisher\":{\"@id\":\"https:\/\/joaojunqueira.com.br\/blog\/#\/schema\/person\/55e00d9e737c156ee54d0fa47e0d0d2b\"},\"potentialAction\":[{\"@type\":\"SearchAction\",\"target\":{\"@type\":\"EntryPoint\",\"urlTemplate\":\"https:\/\/joaojunqueira.com.br\/blog\/?s={search_term_string}\"},\"query-input\":{\"@type\":\"PropertyValueSpecification\",\"valueRequired\":true,\"valueName\":\"search_term_string\"}}],\"inLanguage\":\"pt-BR\"},{\"@type\":[\"Person\",\"Organization\"],\"@id\":\"https:\/\/joaojunqueira.com.br\/blog\/#\/schema\/person\/55e00d9e737c156ee54d0fa47e0d0d2b\",\"name\":\"Jo\u00e3o Junqueira\",\"image\":{\"@type\":\"ImageObject\",\"inLanguage\":\"pt-BR\",\"@id\":\"https:\/\/joaojunqueira.com.br\/blog\/#\/schema\/person\/image\/\",\"url\":\"https:\/\/joaojunqueira.com.br\/blog\/wp-content\/uploads\/2023\/09\/1508_ME_001_sq_bx.jpg\",\"contentUrl\":\"https:\/\/joaojunqueira.com.br\/blog\/wp-content\/uploads\/2023\/09\/1508_ME_001_sq_bx.jpg\",\"width\":750,\"height\":750,\"caption\":\"Jo\u00e3o Junqueira\"},\"logo\":{\"@id\":\"https:\/\/joaojunqueira.com.br\/blog\/#\/schema\/person\/image\/\"},\"description\":\"Jo\u00e3o Junqueira, apaixonado por fotografia, boa comida e bons drinks, comanda os fog\u00f5es sempre que poss\u00edvel. Nas horas vagas, alterna entre um belo negroni e um dry martini. O Cozinha do Jo\u00e3o \u00e9 justamente a jun\u00e7\u00e3o dessas suas paix\u00f5es \u2014 fotografia e gastronomia. Com muita irrever\u00eancia, apresenta receitas f\u00e1ceis de serem executadas, mas que n\u00e3o deixam de apresentar muito sabor. Voc\u00ea que \u00e9 apaixonado por culin\u00e1ria vai amar! No Cozinha, tamb\u00e9m h\u00e1 espa\u00e7o para resenhas de restaurantes ao redor do mundo e muitas dicas de viagem, afinal, de vez em quando, todo chef tem que descansar.\",\"sameAs\":[\"https:\/\/joaojunqueira.com.br\/blog\/sitemap_index.xml\",\"https:\/\/www.facebook.com\/cozinhadojoao\",\"https:\/\/www.instagram.com\/joaojunqueira\/\",\"https:\/\/www.linkedin.com\/in\/joaojunqueira\",\"https:\/\/www.pinterest.com\/joaojunqueira\/\"]}]}<\/script>\n<!-- \/ Yoast SEO plugin. -->","yoast_head_json":{"title":"Sobre o Cozinha do Jo\u00e3o | Cozinha do Jo\u00e3o","description":"Sobre o Cozinha do Jo\u00e3o. Jo\u00e3o Junqueira, apaixonado por fotografia, boa comida e bons drinks, comanda os fog\u00f5es sempre que poss\u00edvel. Nas horas vagas, alterna entre um belo negroni e um dry martini.","robots":{"index":"index","follow":"follow","max-snippet":"max-snippet:-1","max-image-preview":"max-image-preview:large","max-video-preview":"max-video-preview:-1"},"canonical":"https:\/\/joaojunqueira.com.br\/blog\/sobre\/","og_locale":"pt_BR","og_type":"article","og_title":"Sobre o Cozinha do Jo\u00e3o | Cozinha do Jo\u00e3o","og_description":"Sobre o Cozinha do Jo\u00e3o. Jo\u00e3o Junqueira, apaixonado por fotografia, boa comida e bons drinks, comanda os fog\u00f5es sempre que poss\u00edvel. Nas horas vagas, alterna entre um belo negroni e um dry martini.","og_url":"https:\/\/joaojunqueira.com.br\/blog\/sobre\/","og_site_name":"Cozinha do Jo\u00e3o","article_publisher":"https:\/\/www.facebook.com\/cozinhadojoao","article_modified_time":"2024-04-22T00:18:47+00:00","og_image":[{"width":750,"height":750,"url":"https:\/\/joaojunqueira.com.br\/blog\/wp-content\/uploads\/2023\/09\/1508_ME_001_sq_bx.jpg","type":"image\/jpeg"}],"twitter_card":"summary_large_image","twitter_misc":{"Est. tempo de leitura":"1 minuto"},"schema":{"@context":"https:\/\/schema.org","@graph":[{"@type":"WebPage","@id":"https:\/\/joaojunqueira.com.br\/blog\/sobre\/","url":"https:\/\/joaojunqueira.com.br\/blog\/sobre\/","name":"Sobre o Cozinha do Jo\u00e3o | Cozinha do Jo\u00e3o","isPartOf":{"@id":"https:\/\/joaojunqueira.com.br\/blog\/#website"},"primaryImageOfPage":{"@id":"https:\/\/joaojunqueira.com.br\/blog\/sobre\/#primaryimage"},"image":{"@id":"https:\/\/joaojunqueira.com.br\/blog\/sobre\/#primaryimage"},"thumbnailUrl":"https:\/\/joaojunqueira.com.br\/blog\/wp-content\/uploads\/2023\/09\/1508_ME_001_sq_bx.jpg","datePublished":"2015-02-19T21:07:14+00:00","dateModified":"2024-04-22T00:18:47+00:00","description":"Sobre o Cozinha do Jo\u00e3o. Jo\u00e3o Junqueira, apaixonado por fotografia, boa comida e bons drinks, comanda os fog\u00f5es sempre que poss\u00edvel. Nas horas vagas, alterna entre um belo negroni e um dry martini.","breadcrumb":{"@id":"https:\/\/joaojunqueira.com.br\/blog\/sobre\/#breadcrumb"},"inLanguage":"pt-BR","potentialAction":[{"@type":"ReadAction","target":["https:\/\/joaojunqueira.com.br\/blog\/sobre\/"]}]},{"@type":"ImageObject","inLanguage":"pt-BR","@id":"https:\/\/joaojunqueira.com.br\/blog\/sobre\/#primaryimage","url":"https:\/\/joaojunqueira.com.br\/blog\/wp-content\/uploads\/2023\/09\/1508_ME_001_sq_bx.jpg","contentUrl":"https:\/\/joaojunqueira.com.br\/blog\/wp-content\/uploads\/2023\/09\/1508_ME_001_sq_bx.jpg","width":750,"height":750,"caption":"Jo\u00e3o Junqueira, apaixonado por fotografia, boa comida e bons drinks, comanda os fog\u00f5es sempre que poss\u00edvel. Nas horas vagas, alterna entre um belo negroni e um dry martini. O Cozinha do Jo\u00e3o \u00e9 justamente a jun\u00e7\u00e3o dessas suas paix\u00f5es \u2014 fotografia e gastronomia. Com muita irrever\u00eancia, apresenta receitas f\u00e1ceis de serem executadas, mas que n\u00e3o deixam de apresentar muito sabor. Voc\u00ea que \u00e9 apaixonado por culin\u00e1ria vai amar! No Cozinha, tamb\u00e9m h\u00e1 espa\u00e7o para resenhas de restaurantes ao redor do mundo e muitas dicas de viagem, afinal, de vez em quando, todo chef tem que descansar."},{"@type":"BreadcrumbList","@id":"https:\/\/joaojunqueira.com.br\/blog\/sobre\/#breadcrumb","itemListElement":[{"@type":"ListItem","position":1,"name":"In\u00edcio","item":"https:\/\/joaojunqueira.com.br\/blog\/"},{"@type":"ListItem","position":2,"name":"Sobre o Cozinha do Jo\u00e3o"}]},{"@type":"WebSite","@id":"https:\/\/joaojunqueira.com.br\/blog\/#website","url":"https:\/\/joaojunqueira.com.br\/blog\/","name":"Cozinha do Jo\u00e3o","description":"Cozinha do Jo\u00e3o: Receitas, Drinks e Viagens. Eat, Drink, Go!","publisher":{"@id":"https:\/\/joaojunqueira.com.br\/blog\/#\/schema\/person\/55e00d9e737c156ee54d0fa47e0d0d2b"},"potentialAction":[{"@type":"SearchAction","target":{"@type":"EntryPoint","urlTemplate":"https:\/\/joaojunqueira.com.br\/blog\/?s={search_term_string}"},"query-input":{"@type":"PropertyValueSpecification","valueRequired":true,"valueName":"search_term_string"}}],"inLanguage":"pt-BR"},{"@type":["Person","Organization"],"@id":"https:\/\/joaojunqueira.com.br\/blog\/#\/schema\/person\/55e00d9e737c156ee54d0fa47e0d0d2b","name":"Jo\u00e3o Junqueira","image":{"@type":"ImageObject","inLanguage":"pt-BR","@id":"https:\/\/joaojunqueira.com.br\/blog\/#\/schema\/person\/image\/","url":"https:\/\/joaojunqueira.com.br\/blog\/wp-content\/uploads\/2023\/09\/1508_ME_001_sq_bx.jpg","contentUrl":"https:\/\/joaojunqueira.com.br\/blog\/wp-content\/uploads\/2023\/09\/1508_ME_001_sq_bx.jpg","width":750,"height":750,"caption":"Jo\u00e3o Junqueira"},"logo":{"@id":"https:\/\/joaojunqueira.com.br\/blog\/#\/schema\/person\/image\/"},"description":"Jo\u00e3o Junqueira, apaixonado por fotografia, boa comida e bons drinks, comanda os fog\u00f5es sempre que poss\u00edvel. Nas horas vagas, alterna entre um belo negroni e um dry martini. O Cozinha do Jo\u00e3o \u00e9 justamente a jun\u00e7\u00e3o dessas suas paix\u00f5es \u2014 fotografia e gastronomia. Com muita irrever\u00eancia, apresenta receitas f\u00e1ceis de serem executadas, mas que n\u00e3o deixam de apresentar muito sabor. Voc\u00ea que \u00e9 apaixonado por culin\u00e1ria vai amar! No Cozinha, tamb\u00e9m h\u00e1 espa\u00e7o para resenhas de restaurantes ao redor do mundo e muitas dicas de viagem, afinal, de vez em quando, todo chef tem que descansar.","sameAs":["https:\/\/joaojunqueira.com.br\/blog\/sitemap_index.xml","https:\/\/www.facebook.com\/cozinhadojoao","https:\/\/www.instagram.com\/joaojunqueira\/","https:\/\/www.linkedin.com\/in\/joaojunqueira","https:\/\/www.pinterest.com\/joaojunqueira\/"]}]}},"_links":{"self":[{"href":"https:\/\/joaojunqueira.com.br\/blog\/wp-json\/wp\/v2\/pages\/81","targetHints":{"allow":["GET"]}}],"collection":[{"href":"https:\/\/joaojunqueira.com.br\/blog\/wp-json\/wp\/v2\/pages"}],"about":[{"href":"https:\/\/joaojunqueira.com.br\/blog\/wp-json\/wp\/v2\/types\/page"}],"author":[{"embeddable":true,"href":"https:\/\/joaojunqueira.com.br\/blog\/wp-json\/wp\/v2\/users\/1"}],"replies":[{"embeddable":true,"href":"https:\/\/joaojunqueira.com.br\/blog\/wp-json\/wp\/v2\/comments?post=81"}],"version-history":[{"count":12,"href":"https:\/\/joaojunqueira.com.br\/blog\/wp-json\/wp\/v2\/pages\/81\/revisions"}],"predecessor-version":[{"id":4867,"href":"https:\/\/joaojunqueira.com.br\/blog\/wp-json\/wp\/v2\/pages\/81\/revisions\/4867"}],"wp:featuredmedia":[{"embeddable":true,"href":"https:\/\/joaojunqueira.com.br\/blog\/wp-json\/wp\/v2\/media\/4882"}],"wp:attachment":[{"href":"https:\/\/joaojunqueira.com.br\/blog\/wp-json\/wp\/v2\/media?parent=81"}],"curies":[{"name":"wp","href":"https:\/\/api.w.org\/{rel}","templated":true}]}}